{"id":10,"date":"2019-07-04T11:57:55","date_gmt":"2019-07-04T09:57:55","guid":{"rendered":"http:\/\/concretetopsolutions.eu\/?page_id=10"},"modified":"2019-10-24T19:02:45","modified_gmt":"2019-10-24T17:02:45","slug":"moj-ucet","status":"publish","type":"page","link":"https:\/\/concretetopsolutions.eu\/en\/moj-ucet\/","title":{"rendered":"M\u00f4j \u00fa\u010det"},"content":{"rendered":"<div class=\"woocommerce\"><\/div>","protected":false},"excerpt":{"rendered":"","protected":false},"author":1,"featured_media":0,"parent":0,"menu_order":0,"comment_status":"closed","ping_status":"closed","template":"","meta":[],"_links":{"self":[{"href":"https:\/\/concretetopsolutions.eu\/en\/wp-json\/wp\/v2\/pages\/10"}],"collection":[{"href":"https:\/\/concretetopsolutions.eu\/en\/wp-json\/wp\/v2\/pages"}],"about":[{"href":"https:\/\/concretetopsolutions.eu\/en\/wp-json\/wp\/v2\/types\/page"}],"author":[{"embeddable":true,"href":"https:\/\/concretetopsolutions.eu\/en\/wp-json\/wp\/v2\/users\/1"}],"replies":[{"embeddable":true,"href":"https:\/\/concretetopsolutions.eu\/en\/wp-json\/wp\/v2\/comments?post=10"}],"version-history":[{"count":2,"href":"https:\/\/concretetopsolutions.eu\/en\/wp-json\/wp\/v2\/pages\/10\/revisions"}],"predecessor-version":[{"id":1629,"href":"https:\/\/concretetopsolutions.eu\/en\/wp-json\/wp\/v2\/pages\/10\/revisions\/1629"}],"wp:attachment":[{"href":"https:\/\/concretetopsolutions.eu\/en\/wp-json\/wp\/v2\/media?parent=10"}],"curies":[{"name":"wp","href":"https:\/\/api.w.org\/{rel}","templated":true}]}}