{"id":1355,"date":"2019-10-14T16:56:54","date_gmt":"2019-10-14T14:56:54","guid":{"rendered":"http:\/\/concretetopsolutions.eu\/?page_id=1355"},"modified":"2020-08-29T00:41:11","modified_gmt":"2020-08-28T22:41:11","slug":"preprava-a-postovne","status":"publish","type":"page","link":"https:\/\/concretetopsolutions.eu\/en\/preprava-a-postovne\/","title":{"rendered":"Shipping and Postage"},"content":{"rendered":"<div data-elementor-type=\"wp-page\" data-elementor-id=\"1355\" class=\"elementor elementor-1355\" data-elementor-settings=\"[]\">\n\t\t\t\t\t\t<div class=\"elementor-inner\">\n\t\t\t\t\t\t\t<div class=\"elementor-section-wrap\">\n\t\t\t\t\t\t\t<section class=\"elementor-section elementor-top-section elementor-element elementor-element-1f32036c elementor-section-stretched elementor-section-full_width elementor-section-height-default elementor-section-height-default\" data-id=\"1f32036c\" data-element_type=\"section\" data-settings=\"{&quot;stretch_section&quot;:&quot;section-stretched&quot;,&quot;background_background&quot;:&quot;classic&quot;}\">\n\t\t\t\t\t\t<div class=\"elementor-container elementor-column-gap-default\">\n\t\t\t\t\t\t\t<div class=\"elementor-row\">\n\t\t\t\t\t<div class=\"elementor-column elementor-col-100 elementor-top-column elementor-element elementor-element-311195ce\" data-id=\"311195ce\" data-element_type=\"column\">\n\t\t\t<div class=\"elementor-column-wrap elementor-element-populated\">\n\t\t\t\t\t\t\t<div class=\"elementor-widget-wrap\">\n\t\t\t\t\t\t<div class=\"elementor-element elementor-element-5818acc6 elementor-widget elementor-widget-heading\" data-id=\"5818acc6\" data-element_type=\"widget\" data-widget_type=\"heading.default\">\n\t\t\t\t<div class=\"elementor-widget-container\">\n\t\t\t<h2 class=\"elementor-heading-title elementor-size-default\">Shipping and Postage<\/h2>\t\t<\/div>\n\t\t\t\t<\/div>\n\t\t\t\t\t\t<\/div>\n\t\t\t\t\t<\/div>\n\t\t<\/div>\n\t\t\t\t\t\t\t\t<\/div>\n\t\t\t\t\t<\/div>\n\t\t<\/section>\n\t\t\t\t<section class=\"elementor-section elementor-top-section elementor-element elementor-element-60af1f0e elementor-section-stretched elementor-section-boxed elementor-section-height-default elementor-section-height-default\" data-id=\"60af1f0e\" data-element_type=\"section\" data-settings=\"{&quot;stretch_section&quot;:&quot;section-stretched&quot;}\">\n\t\t\t\t\t\t<div class=\"elementor-container elementor-column-gap-extended\">\n\t\t\t\t\t\t\t<div class=\"elementor-row\">\n\t\t\t\t\t<div class=\"elementor-column elementor-col-50 elementor-top-column elementor-element elementor-element-2bba4a7f\" data-id=\"2bba4a7f\" data-element_type=\"column\">\n\t\t\t<div class=\"elementor-column-wrap elementor-element-populated\">\n\t\t\t\t\t\t\t<div class=\"elementor-widget-wrap\">\n\t\t\t\t\t\t<div class=\"elementor-element elementor-element-247599ac elementor-widget elementor-widget-text-editor\" data-id=\"247599ac\" data-element_type=\"widget\" data-widget_type=\"text-editor.default\">\n\t\t\t\t<div class=\"elementor-widget-container\">\n\t\t\t\t\t\t\t\t<div class=\"elementor-text-editor elementor-clearfix\">\n\t\t\t\t<p>We arrange transport and delivery of goods via courier service. The ordered goods can also be picked up in person at Concrete Top Solutions s.r.o., F\u00e1ndlyho 1914\/58, 81103 Bratislava<\/p><p>Because our e-shop is in offline mode, we will inform you about the shipping cost, method and date of delivery after you place an order. <\/p><p>Thank you for understanding.<\/p>\t\t\t\t\t<\/div>\n\t\t\t\t\t\t<\/div>\n\t\t\t\t<\/div>\n\t\t\t\t\t\t<\/div>\n\t\t\t\t\t<\/div>\n\t\t<\/div>\n\t\t\t\t<div class=\"elementor-column elementor-col-50 elementor-top-column elementor-element elementor-element-366cf30d\" data-id=\"366cf30d\" data-element_type=\"column\">\n\t\t\t<div class=\"elementor-column-wrap\">\n\t\t\t\t\t\t\t<div class=\"elementor-widget-wrap\">\n\t\t\t\t\t\t\t\t<\/div>\n\t\t\t\t\t<\/div>\n\t\t<\/div>\n\t\t\t\t\t\t\t\t<\/div>\n\t\t\t\t\t<\/div>\n\t\t<\/section>\n\t\t\t\t\t\t<\/div>\n\t\t\t\t\t\t<\/div>\n\t\t\t\t\t<\/div>","protected":false},"excerpt":{"rendered":"<p>Preprava a po\u0161tovn\u00e9 Prepravu a dod\u00e1vku tovaru posielame kuri\u00e9rom. Objednan\u00fd tovar je mo\u017en\u00e9 vyzdvihn\u00fa\u0165 si aj osobne a to na adrese Concrete Top Solutions s.r.o., F\u00e1ndlyho 1914\/58, 1103 Bratislava. Ke\u017ede n\u00e1\u0161 e-shop sa nach\u00e1dza v offline re\u017eime, po odoslan\u00ed objedn\u00e1vky v\u00e1s budeme o v\u00fd\u0161ke po\u0161tovn\u00e9ho, sp\u00f4sobu a term\u00ednu dodania tovaru dodato\u010dne informova\u0165. \u010eakujeme za pochopenie.<\/p>","protected":false},"author":1,"featured_media":0,"parent":0,"menu_order":0,"comment_status":"closed","ping_status":"closed","template":"","meta":[],"_links":{"self":[{"href":"https:\/\/concretetopsolutions.eu\/en\/wp-json\/wp\/v2\/pages\/1355"}],"collection":[{"href":"https:\/\/concretetopsolutions.eu\/en\/wp-json\/wp\/v2\/pages"}],"about":[{"href":"https:\/\/concretetopsolutions.eu\/en\/wp-json\/wp\/v2\/types\/page"}],"author":[{"embeddable":true,"href":"https:\/\/concretetopsolutions.eu\/en\/wp-json\/wp\/v2\/users\/1"}],"replies":[{"embeddable":true,"href":"https:\/\/concretetopsolutions.eu\/en\/wp-json\/wp\/v2\/comments?post=1355"}],"version-history":[{"count":6,"href":"https:\/\/concretetopsolutions.eu\/en\/wp-json\/wp\/v2\/pages\/1355\/revisions"}],"predecessor-version":[{"id":5217,"href":"https:\/\/concretetopsolutions.eu\/en\/wp-json\/wp\/v2\/pages\/1355\/revisions\/5217"}],"wp:attachment":[{"href":"https:\/\/concretetopsolutions.eu\/en\/wp-json\/wp\/v2\/media?parent=1355"}],"curies":[{"name":"wp","href":"https:\/\/api.w.org\/{rel}","templated":true}]}}