{"id":260,"date":"2019-07-04T12:52:23","date_gmt":"2019-07-04T10:52:23","guid":{"rendered":"http:\/\/concretetopsolutions.eu\/?page_id=260"},"modified":"2025-04-22T19:18:53","modified_gmt":"2025-04-22T17:18:53","slug":"kontakt","status":"publish","type":"page","link":"https:\/\/concretetopsolutions.eu\/en\/kontakt\/","title":{"rendered":"Contact"},"content":{"rendered":"<div data-elementor-type=\"wp-page\" data-elementor-id=\"260\" class=\"elementor elementor-260\" data-elementor-settings=\"[]\">\n\t\t\t\t\t\t<div class=\"elementor-inner\">\n\t\t\t\t\t\t\t<div class=\"elementor-section-wrap\">\n\t\t\t\t\t\t\t<section class=\"elementor-section elementor-top-section elementor-element elementor-element-3f9eb881 elementor-section-stretched elementor-section-full_width elementor-section-height-default elementor-section-height-default\" data-id=\"3f9eb881\" data-element_type=\"section\" data-settings=\"{&quot;stretch_section&quot;:&quot;section-stretched&quot;,&quot;background_background&quot;:&quot;classic&quot;}\">\n\t\t\t\t\t\t<div class=\"elementor-container elementor-column-gap-default\">\n\t\t\t\t\t\t\t<div class=\"elementor-row\">\n\t\t\t\t\t<div class=\"elementor-column elementor-col-100 elementor-top-column elementor-element elementor-element-2d01ba5a\" data-id=\"2d01ba5a\" data-element_type=\"column\">\n\t\t\t<div class=\"elementor-column-wrap elementor-element-populated\">\n\t\t\t\t\t\t\t<div class=\"elementor-widget-wrap\">\n\t\t\t\t\t\t<div class=\"elementor-element elementor-element-60a58bc1 elementor-widget elementor-widget-heading\" data-id=\"60a58bc1\" data-element_type=\"widget\" data-widget_type=\"heading.default\">\n\t\t\t\t<div class=\"elementor-widget-container\">\n\t\t\t<h2 class=\"elementor-heading-title elementor-size-default\">Contact<\/h2>\t\t<\/div>\n\t\t\t\t<\/div>\n\t\t\t\t\t\t<\/div>\n\t\t\t\t\t<\/div>\n\t\t<\/div>\n\t\t\t\t\t\t\t\t<\/div>\n\t\t\t\t\t<\/div>\n\t\t<\/section>\n\t\t\t\t<section class=\"elementor-section elementor-top-section elementor-element elementor-element-496f67b6 elementor-section-stretched elementor-section-boxed elementor-section-height-default elementor-section-height-default\" data-id=\"496f67b6\" data-element_type=\"section\" data-settings=\"{&quot;stretch_section&quot;:&quot;section-stretched&quot;}\">\n\t\t\t\t\t\t<div class=\"elementor-container elementor-column-gap-wider\">\n\t\t\t\t\t\t\t<div class=\"elementor-row\">\n\t\t\t\t\t<div class=\"elementor-column elementor-col-50 elementor-top-column elementor-element elementor-element-1e592e2a\" data-id=\"1e592e2a\" data-element_type=\"column\">\n\t\t\t<div class=\"elementor-column-wrap elementor-element-populated\">\n\t\t\t\t\t\t\t<div class=\"elementor-widget-wrap\">\n\t\t\t\t\t\t<div class=\"elementor-element elementor-element-3ebacf6 elementor-widget elementor-widget-text-editor\" data-id=\"3ebacf6\" data-element_type=\"widget\" data-widget_type=\"text-editor.default\">\n\t\t\t\t<div class=\"elementor-widget-container\">\n\t\t\t\t\t\t\t\t<div class=\"elementor-text-editor elementor-clearfix\">\n\t\t\t\t<p>If you are interested in any of our custom production offers, please contact us by e-mail or telephone and arrange a meeting with us.<\/p>\t\t\t\t\t<\/div>\n\t\t\t\t\t\t<\/div>\n\t\t\t\t<\/div>\n\t\t\t\t<div class=\"elementor-element elementor-element-21c4c56 elementor-icon-list--layout-traditional elementor-list-item-link-full_width elementor-widget elementor-widget-icon-list\" data-id=\"21c4c56\" data-element_type=\"widget\" data-widget_type=\"icon-list.default\">\n\t\t\t\t<div class=\"elementor-widget-container\">\n\t\t\t\t\t<ul class=\"elementor-icon-list-items\">\n\t\t\t\t\t\t\t<li class=\"elementor-icon-list-item\">\n\t\t\t\t\t\t\t\t\t\t\t<a href=\"tel:00421903464763\">\n\n\t\t\t\t\t\t\t\t\t\t\t<span class=\"elementor-icon-list-text\"><span style=\"color: rgb(34, 34, 34); font-family: Arial; font-size: medium; font-style: normal; font-variant-ligatures: normal; font-variant-caps: normal; font-weight: 700; letter-spacing: normal; white-space-collapse: collapse;\">+421 911 379 918<\/span><\/span>\n\t\t\t\t\t\t\t\t\t\t\t<\/a>\n\t\t\t\t\t\t\t\t\t<\/li>\n\t\t\t\t\t\t\t\t<li class=\"elementor-icon-list-item\">\n\t\t\t\t\t\t\t\t\t\t\t<a href=\"mailto:info@concretetopsolutions.eu\">\n\n\t\t\t\t\t\t\t\t\t\t\t<span class=\"elementor-icon-list-text\">info@concretetopsolutions.eu<\/span>\n\t\t\t\t\t\t\t\t\t\t\t<\/a>\n\t\t\t\t\t\t\t\t\t<\/li>\n\t\t\t\t\t\t<\/ul>\n\t\t\t\t<\/div>\n\t\t\t\t<\/div>\n\t\t\t\t<div class=\"elementor-element elementor-element-d4d7cd3 elementor-shape-circle e-grid-align-left elementor-grid-0 elementor-widget elementor-widget-social-icons\" data-id=\"d4d7cd3\" data-element_type=\"widget\" data-widget_type=\"social-icons.default\">\n\t\t\t\t<div class=\"elementor-widget-container\">\n\t\t\t\t\t<div class=\"elementor-social-icons-wrapper elementor-grid\">\n\t\t\t\t\t\t\t<span class=\"elementor-grid-item\">\n\t\t\t\t\t<a class=\"elementor-icon elementor-social-icon elementor-social-icon-facebook-f elementor-repeater-item-a536e7b\" href=\"https:\/\/www.facebook.com\/concretetopsolutions\/\" target=\"_blank\">\n\t\t\t\t\t\t<span class=\"elementor-screen-only\">Facebook-f<\/span>\n\t\t\t\t\t\t<i class=\"fab fa-facebook-f\"><\/i>\t\t\t\t\t<\/a>\n\t\t\t\t<\/span>\n\t\t\t\t\t\t\t<span class=\"elementor-grid-item\">\n\t\t\t\t\t<a class=\"elementor-icon elementor-social-icon elementor-social-icon-instagram elementor-repeater-item-35bff8e\" href=\"https:\/\/www.instagram.com\/concretetopsolutions\/\" target=\"_blank\">\n\t\t\t\t\t\t<span class=\"elementor-screen-only\">Instagram<\/span>\n\t\t\t\t\t\t<i class=\"fab fa-instagram\"><\/i>\t\t\t\t\t<\/a>\n\t\t\t\t<\/span>\n\t\t\t\t\t<\/div>\n\t\t\t\t<\/div>\n\t\t\t\t<\/div>\n\t\t\t\t\t\t<\/div>\n\t\t\t\t\t<\/div>\n\t\t<\/div>\n\t\t\t\t<div class=\"elementor-column elementor-col-50 elementor-top-column elementor-element elementor-element-47e0edd9\" data-id=\"47e0edd9\" data-element_type=\"column\">\n\t\t\t<div class=\"elementor-column-wrap elementor-element-populated\">\n\t\t\t\t\t\t\t<div class=\"elementor-widget-wrap\">\n\t\t\t\t\t\t<div class=\"elementor-element elementor-element-40cf38f5 elementor-widget elementor-widget-text-editor\" data-id=\"40cf38f5\" data-element_type=\"widget\" data-widget_type=\"text-editor.default\">\n\t\t\t\t<div class=\"elementor-widget-container\">\n\t\t\t\t\t\t\t\t<div class=\"elementor-text-editor elementor-clearfix\">\n\t\t\t\t<p><strong style=\"color: #333333; font-size: 14px; letter-spacing: normal;\">Prev\u00e1dzka &#8211; odbern\u00e9 miesto<\/strong><\/p><p style=\"color: #303030; font-family: Montserrat, sans-serif; font-size: 14px; font-style: normal; font-variant-ligatures: normal; font-variant-caps: normal; font-weight: 400; letter-spacing: normal;\"><span style=\"color: #333333; font-size: 15px;\">Opletalova 6833<\/span><br \/><span style=\"color: #333333; font-size: 15px;\">841 07 Bratislava<\/span><br \/><span style=\"color: #333333; font-size: 15px;\">Dev\u00ednska Nov\u00e1 Ves<\/span><\/p><p style=\"color: #303030; font-family: Montserrat, sans-serif; font-size: 14px; font-style: normal; font-variant-ligatures: normal; font-variant-caps: normal; font-weight: 400; letter-spacing: normal;\"><span style=\"font-variant-ligatures: normal; font-variant-caps: normal; font-family: 'Open Sans', sans-serif; font-size: 15px; font-style: normal; font-weight: 600; color: #485c69; letter-spacing: 0.4px;\">Billing address<\/span><br style=\"color: #485c69; font-family: 'Open Sans', sans-serif; font-size: 15px; letter-spacing: 0.4px;\" \/><span style=\"color: #485c69; font-family: 'Open Sans', sans-serif; font-size: 15px; font-style: normal; font-variant-ligatures: normal; font-variant-caps: normal; font-weight: 400; letter-spacing: 0.4px;\">Concrete Top Solutions s.r.o.<\/span><br style=\"color: #485c69; font-family: 'Open Sans', sans-serif; font-size: 15px; letter-spacing: 0.4px;\" \/><span style=\"color: #485c69; font-family: 'Open Sans', sans-serif; font-size: 15px; font-style: normal; font-variant-ligatures: normal; font-variant-caps: normal; font-weight: 400; letter-spacing: 0.4px;\">Povozn\u00edcka 18\/a<\/span><br style=\"color: #485c69; font-family: 'Open Sans', sans-serif; font-size: 15px; letter-spacing: 0.4px;\" \/><span style=\"color: #485c69; font-family: 'Open Sans', sans-serif; font-size: 15px; font-style: normal; font-variant-ligatures: normal; font-variant-caps: normal; font-weight: 400; letter-spacing: 0.4px;\">84103 Bratislava<\/span><br style=\"color: #485c69; font-family: 'Open Sans', sans-serif; font-size: 15px; letter-spacing: 0.4px;\" \/><span style=\"color: #485c69; font-family: 'Open Sans', sans-serif; font-size: 15px; font-style: normal; font-variant-ligatures: normal; font-variant-caps: normal; font-weight: 400; letter-spacing: 0.4px;\">Slovakia<\/span><\/p><p><strong>Contacts<\/strong><br \/><span style=\"color: #222222; font-family: Arial; font-size: medium; font-style: normal; font-variant-ligatures: normal; font-variant-caps: normal; font-weight: bold; letter-spacing: normal;\">+421 911 379 918<\/span><br \/>info@concretetopsolutions.eu<br \/>www.concretetopsolutions.eu<\/p><p><strong>Identification data<\/strong><br \/>ID Business number 50239660<br \/>VAT 2120249923<br \/>VAT identification number SK2120249923<br \/>The company is registered in the Commercial Register of the District Court Bratislava I, section s.r.o, file number 110364\/B<\/p><p><strong>Bank info<\/strong><br \/>IBAN SK5002000000003653891756<br \/>BIC SUBASKBX<strong style=\"color: #333333; font-size: 14px; letter-spacing: normal;\">Prev\u00e1dzka &#8211; odbern\u00e9 miesto<\/strong><\/p><p style=\"color: #303030; font-family: Montserrat, sans-serif; font-size: 14px; font-style: normal; font-variant-ligatures: normal; font-variant-caps: normal; font-weight: 400; letter-spacing: normal;\">\u00a0<\/p>\t\t\t\t\t<\/div>\n\t\t\t\t\t\t<\/div>\n\t\t\t\t<\/div>\n\t\t\t\t\t\t<\/div>\n\t\t\t\t\t<\/div>\n\t\t<\/div>\n\t\t\t\t\t\t\t\t<\/div>\n\t\t\t\t\t<\/div>\n\t\t<\/section>\n\t\t\t\t<section class=\"elementor-section elementor-top-section elementor-element elementor-element-abe1b1f elementor-section-stretched elementor-section-full_width elementor-section-height-default elementor-section-height-default\" data-id=\"abe1b1f\" data-element_type=\"section\" data-settings=\"{&quot;stretch_section&quot;:&quot;section-stretched&quot;}\">\n\t\t\t\t\t\t<div class=\"elementor-container elementor-column-gap-no\">\n\t\t\t\t\t\t\t<div class=\"elementor-row\">\n\t\t\t\t\t<div class=\"elementor-column elementor-col-100 elementor-top-column elementor-element elementor-element-2d7d7a5\" data-id=\"2d7d7a5\" data-element_type=\"column\">\n\t\t\t<div class=\"elementor-column-wrap elementor-element-populated\">\n\t\t\t\t\t\t\t<div class=\"elementor-widget-wrap\">\n\t\t\t\t\t\t<div class=\"elementor-element elementor-element-238c646 elementor-widget elementor-widget-google_maps\" data-id=\"238c646\" data-element_type=\"widget\" data-widget_type=\"google_maps.default\">\n\t\t\t\t<div class=\"elementor-widget-container\">\n\t\t\t\t\t<div class=\"elementor-custom-embed\">\n\t\t\t<iframe frameborder=\"0\" scrolling=\"no\" marginheight=\"0\" marginwidth=\"0\"\n\t\t\t\t\tsrc=\"https:\/\/maps.google.com\/maps?q=Opletalova%206833%2C%20Bratislava&#038;t=m&#038;z=14&#038;output=embed&#038;iwloc=near\"\n\t\t\t\t\ttitle=\"Opletalova 6833, Bratislava\"\n\t\t\t\t\taria-label=\"Opletalova 6833, Bratislava\"\n\t\t\t><\/iframe>\n\t\t<\/div>\n\t\t\t\t<\/div>\n\t\t\t\t<\/div>\n\t\t\t\t\t\t<\/div>\n\t\t\t\t\t<\/div>\n\t\t<\/div>\n\t\t\t\t\t\t\t\t<\/div>\n\t\t\t\t\t<\/div>\n\t\t<\/section>\n\t\t\t\t\t\t<\/div>\n\t\t\t\t\t\t<\/div>\n\t\t\t\t\t<\/div>","protected":false},"excerpt":{"rendered":"<p>Kontakt Ak m\u00e1te z\u00e1ujem o niektor\u00fa z pon\u00fak na\u0161ej z\u00e1kazkovej v\u00fdroby, kontatujte n\u00e1s pros\u00edm e-mailom alebo telefonicky a dohodnite si s nami osobn\u00e9 stretnutie. +421 911 379 918 info@concretetopsolutions.eu Facebook-f Instagram Prev\u00e1dzka &#8211; odbern\u00e9 miesto Opletalova 6833841 07 BratislavaDev\u00ednska Nov\u00e1 Ves Faktura\u010dn\u00e1 adresaConcrete Top Solutions s.r.o.Povozn\u00edcka 18\/a84103 BratislavaSlovensko Kontakty+421 911 379 918info@concretetopsolutions.euwww.concretetopsolutions.eu Identifika\u010dn\u00e9 \u00fadajeI\u010cO 50239660DI\u010c [&hellip;]<\/p>","protected":false},"author":1,"featured_media":0,"parent":0,"menu_order":0,"comment_status":"closed","ping_status":"closed","template":"","meta":[],"_links":{"self":[{"href":"https:\/\/concretetopsolutions.eu\/en\/wp-json\/wp\/v2\/pages\/260"}],"collection":[{"href":"https:\/\/concretetopsolutions.eu\/en\/wp-json\/wp\/v2\/pages"}],"about":[{"href":"https:\/\/concretetopsolutions.eu\/en\/wp-json\/wp\/v2\/types\/page"}],"author":[{"embeddable":true,"href":"https:\/\/concretetopsolutions.eu\/en\/wp-json\/wp\/v2\/users\/1"}],"replies":[{"embeddable":true,"href":"https:\/\/concretetopsolutions.eu\/en\/wp-json\/wp\/v2\/comments?post=260"}],"version-history":[{"count":6,"href":"https:\/\/concretetopsolutions.eu\/en\/wp-json\/wp\/v2\/pages\/260\/revisions"}],"predecessor-version":[{"id":5739,"href":"https:\/\/concretetopsolutions.eu\/en\/wp-json\/wp\/v2\/pages\/260\/revisions\/5739"}],"wp:attachment":[{"href":"https:\/\/concretetopsolutions.eu\/en\/wp-json\/wp\/v2\/media?parent=260"}],"curies":[{"name":"wp","href":"https:\/\/api.w.org\/{rel}","templated":true}]}}