{"id":262,"date":"2019-07-04T12:52:44","date_gmt":"2019-07-04T10:52:44","guid":{"rendered":"http:\/\/concretetopsolutions.eu\/?page_id=262"},"modified":"2025-03-30T11:53:10","modified_gmt":"2025-03-30T09:53:10","slug":"o-nas","status":"publish","type":"page","link":"https:\/\/concretetopsolutions.eu\/en\/o-nas\/","title":{"rendered":"About Us"},"content":{"rendered":"<div data-elementor-type=\"wp-page\" data-elementor-id=\"262\" class=\"elementor elementor-262\" data-elementor-settings=\"[]\">\n\t\t\t\t\t\t<div class=\"elementor-inner\">\n\t\t\t\t\t\t\t<div class=\"elementor-section-wrap\">\n\t\t\t\t\t\t\t<section class=\"elementor-section elementor-top-section elementor-element elementor-element-6da7f2ec elementor-section-stretched elementor-section-boxed elementor-section-height-default elementor-section-height-default\" data-id=\"6da7f2ec\" data-element_type=\"section\" data-settings=\"{&quot;stretch_section&quot;:&quot;section-stretched&quot;,&quot;background_background&quot;:&quot;classic&quot;}\">\n\t\t\t\t\t\t<div class=\"elementor-container elementor-column-gap-default\">\n\t\t\t\t\t\t\t<div class=\"elementor-row\">\n\t\t\t\t\t<div class=\"elementor-column elementor-col-100 elementor-top-column elementor-element elementor-element-9d2e0d6\" data-id=\"9d2e0d6\" data-element_type=\"column\">\n\t\t\t<div class=\"elementor-column-wrap elementor-element-populated\">\n\t\t\t\t\t\t\t<div class=\"elementor-widget-wrap\">\n\t\t\t\t\t\t<div class=\"elementor-element elementor-element-55263bc8 elementor-widget elementor-widget-heading\" data-id=\"55263bc8\" data-element_type=\"widget\" data-widget_type=\"heading.default\">\n\t\t\t\t<div class=\"elementor-widget-container\">\n\t\t\t<h2 class=\"elementor-heading-title elementor-size-default\">About Us<\/h2>\t\t<\/div>\n\t\t\t\t<\/div>\n\t\t\t\t\t\t<\/div>\n\t\t\t\t\t<\/div>\n\t\t<\/div>\n\t\t\t\t\t\t\t\t<\/div>\n\t\t\t\t\t<\/div>\n\t\t<\/section>\n\t\t\t\t<section class=\"elementor-section elementor-top-section elementor-element elementor-element-2a6f34b1 elementor-section-stretched elementor-section-boxed elementor-section-height-default elementor-section-height-default\" data-id=\"2a6f34b1\" data-element_type=\"section\" data-settings=\"{&quot;stretch_section&quot;:&quot;section-stretched&quot;}\">\n\t\t\t\t\t\t<div class=\"elementor-container elementor-column-gap-narrow\">\n\t\t\t\t\t\t\t<div class=\"elementor-row\">\n\t\t\t\t\t<div class=\"elementor-column elementor-col-50 elementor-top-column elementor-element elementor-element-3d39f2a2\" data-id=\"3d39f2a2\" data-element_type=\"column\">\n\t\t\t<div class=\"elementor-column-wrap elementor-element-populated\">\n\t\t\t\t\t\t\t<div class=\"elementor-widget-wrap\">\n\t\t\t\t\t\t<div class=\"elementor-element elementor-element-d96a84b elementor-widget elementor-widget-text-editor\" data-id=\"d96a84b\" data-element_type=\"widget\" data-widget_type=\"text-editor.default\">\n\t\t\t\t<div class=\"elementor-widget-container\">\n\t\t\t\t\t\t\t\t<div class=\"elementor-text-editor elementor-clearfix\">\n\t\t\t\t<p><span style=\"font-size: 15px; letter-spacing: 0.4px;\">Sme t\u00edm mlad\u00fdch \u013eud\u00ed, ktor\u00fdch v\u00e1\u0161\u0148ou je dobr\u00fd dizajn a remeseln\u00e1 pr\u00e1ca s kvalitn\u00fdmi materi\u00e1lmi. Chu\u0165 tvori\u0165 a realizova\u0165 inovat\u00edvne rie\u0161enia, ktor\u00e9 pon\u00faka bet\u00f3n, n\u00e1s viedla k zalo\u017eeniu vlastnej zna\u010dky. Dnes, ako akt\u00edvny \u010dlen skupiny DryCon Group s.r.o., pon\u00fakame na\u0161im z\u00e1kazn\u00edkom origin\u00e1lne interi\u00e9rov\u00e9 rie\u0161enia a spolo\u010dne prispievame k zv\u00fd\u0161eniu kvality ich b\u00fdvania.<\/span><span style=\"font-family: Arial; font-size: medium;\">\u00a0<\/span><\/p><p>\u00a0<\/p><h4>Our offer<\/h4><p>Na\u0161ou ponukou by sme chceli oslovi\u0165 najm\u00e4 architektov, interi\u00e9rov\u00fdch dizajn\u00e9rov a stavb\u00e1rov, ktor\u00ed dod\u00e1vaj\u00fa svoje slu\u017eby pre klientov na k\u013e\u00fa\u010d.\u00a0<\/p><p>Okrem z\u00e1kazkovej v\u00fdroby pultov a bet\u00f3nov\u00fdch dosiek na mieru pon\u00fakame aj origin\u00e1lne bet\u00f3nov\u00e9 um\u00fdvadl\u00e1 a interi\u00e9rov\u00e9 doplnky vyroben\u00e9 pod\u013ea vlastn\u00fdch n\u00e1vrhov.<\/p><ul><li>concrete countertops and sinks<\/li><li>mickrocement wall and floor plasterings<\/li><li>design accessories made of concrete<\/li><\/ul>\t\t\t\t\t<\/div>\n\t\t\t\t\t\t<\/div>\n\t\t\t\t<\/div>\n\t\t\t\t\t\t<\/div>\n\t\t\t\t\t<\/div>\n\t\t<\/div>\n\t\t\t\t<div class=\"elementor-column elementor-col-50 elementor-top-column elementor-element elementor-element-7abb7afa\" data-id=\"7abb7afa\" data-element_type=\"column\">\n\t\t\t<div class=\"elementor-column-wrap elementor-element-populated\">\n\t\t\t\t\t\t\t<div class=\"elementor-widget-wrap\">\n\t\t\t\t\t\t<div class=\"elementor-element elementor-element-e42d2b2 elementor-widget elementor-widget-image\" data-id=\"e42d2b2\" data-element_type=\"widget\" data-widget_type=\"image.default\">\n\t\t\t\t<div class=\"elementor-widget-container\">\n\t\t\t\t\t\t\t\t<div class=\"elementor-image\">\n\t\t\t\t\t\t\t\t\t\t\t\t<img decoding=\"async\" width=\"150\" height=\"150\" src=\"https:\/\/concretetopsolutions.eu\/wp-content\/uploads\/2020\/04\/milos-150x150.jpg\" class=\"attachment-thumbnail size-thumbnail\" alt=\"\" loading=\"lazy\" srcset=\"https:\/\/concretetopsolutions.eu\/wp-content\/uploads\/2020\/04\/milos-150x150.jpg 150w, https:\/\/concretetopsolutions.eu\/wp-content\/uploads\/2020\/04\/milos-300x300.jpg 300w, https:\/\/concretetopsolutions.eu\/wp-content\/uploads\/2020\/04\/milos-768x768.jpg 768w, https:\/\/concretetopsolutions.eu\/wp-content\/uploads\/2020\/04\/milos-600x600.jpg 600w, https:\/\/concretetopsolutions.eu\/wp-content\/uploads\/2020\/04\/milos-100x100.jpg 100w, https:\/\/concretetopsolutions.eu\/wp-content\/uploads\/2020\/04\/milos.jpg 800w\" sizes=\"(max-width: 150px) 100vw, 150px\" \/>\t\t\t\t\t\t\t\t\t\t\t\t\t\t<\/div>\n\t\t\t\t\t\t<\/div>\n\t\t\t\t<\/div>\n\t\t\t\t<div class=\"elementor-element elementor-element-da28c12 elementor-widget elementor-widget-heading\" data-id=\"da28c12\" data-element_type=\"widget\" data-widget_type=\"heading.default\">\n\t\t\t\t<div class=\"elementor-widget-container\">\n\t\t\t<h4 class=\"elementor-heading-title elementor-size-default\">Milo\u0161 Jan\u00ed\u010dek<\/h4>\t\t<\/div>\n\t\t\t\t<\/div>\n\t\t\t\t<div class=\"elementor-element elementor-element-aef05d2 elementor-widget elementor-widget-text-editor\" data-id=\"aef05d2\" data-element_type=\"widget\" data-widget_type=\"text-editor.default\">\n\t\t\t\t<div class=\"elementor-widget-container\">\n\t\t\t\t\t\t\t\t<div class=\"elementor-text-editor elementor-clearfix\">\n\t\t\t\t<p>Long-term employee of a large construction company. Expert and advisor in choosing the right building materials. He has a perfect overview of procedures and unconventional solutions in construction.<\/p>\t\t\t\t\t<\/div>\n\t\t\t\t\t\t<\/div>\n\t\t\t\t<\/div>\n\t\t\t\t<div class=\"elementor-element elementor-element-ebec1ad elementor-widget elementor-widget-text-editor\" data-id=\"ebec1ad\" data-element_type=\"widget\" data-widget_type=\"text-editor.default\">\n\t\t\t\t<div class=\"elementor-widget-container\">\n\t\t\t\t\t\t\t\t<div class=\"elementor-text-editor elementor-clearfix\">\n\t\t\t\t\t\t\t\t\t<\/div>\n\t\t\t\t\t\t<\/div>\n\t\t\t\t<\/div>\n\t\t\t\t<div class=\"elementor-element elementor-element-350df63 elementor-widget elementor-widget-text-editor\" data-id=\"350df63\" data-element_type=\"widget\" data-widget_type=\"text-editor.default\">\n\t\t\t\t<div class=\"elementor-widget-container\">\n\t\t\t\t\t\t\t\t<div class=\"elementor-text-editor elementor-clearfix\">\n\t\t\t\t\t\t\t\t\t<\/div>\n\t\t\t\t\t\t<\/div>\n\t\t\t\t<\/div>\n\t\t\t\t\t\t<\/div>\n\t\t\t\t\t<\/div>\n\t\t<\/div>\n\t\t\t\t\t\t\t\t<\/div>\n\t\t\t\t\t<\/div>\n\t\t<\/section>\n\t\t\t\t<section class=\"elementor-section elementor-top-section elementor-element elementor-element-19ab5e90 elementor-section-stretched elementor-section-boxed elementor-section-height-default elementor-section-height-default\" data-id=\"19ab5e90\" data-element_type=\"section\" data-settings=\"{&quot;stretch_section&quot;:&quot;section-stretched&quot;,&quot;background_background&quot;:&quot;classic&quot;,&quot;background_motion_fx_motion_fx_scrolling&quot;:&quot;yes&quot;,&quot;background_motion_fx_translateY_effect&quot;:&quot;yes&quot;,&quot;background_motion_fx_translateY_speed&quot;:{&quot;unit&quot;:&quot;px&quot;,&quot;size&quot;:10,&quot;sizes&quot;:[]},&quot;background_motion_fx_translateY_affectedRange&quot;:{&quot;unit&quot;:&quot;%&quot;,&quot;size&quot;:&quot;&quot;,&quot;sizes&quot;:{&quot;start&quot;:0,&quot;end&quot;:100}},&quot;background_motion_fx_devices&quot;:[&quot;desktop&quot;,&quot;tablet&quot;,&quot;mobile&quot;]}\">\n\t\t\t\t\t\t<div class=\"elementor-container elementor-column-gap-default\">\n\t\t\t\t\t\t\t<div class=\"elementor-row\">\n\t\t\t\t\t<div class=\"elementor-column elementor-col-100 elementor-top-column elementor-element elementor-element-6130c354\" data-id=\"6130c354\" data-element_type=\"column\">\n\t\t\t<div class=\"elementor-column-wrap elementor-element-populated\">\n\t\t\t\t\t\t\t<div class=\"elementor-widget-wrap\">\n\t\t\t\t\t\t<div class=\"elementor-element elementor-element-1a3c3415 elementor-widget elementor-widget-text-editor\" data-id=\"1a3c3415\" data-element_type=\"widget\" data-widget_type=\"text-editor.default\">\n\t\t\t\t<div class=\"elementor-widget-container\">\n\t\t\t\t\t\t\t\t<div class=\"elementor-text-editor elementor-clearfix\">\n\t\t\t\t<p style=\"text-align: center;\"><span style=\"color: #ffffff;\">\u201cWe like high-quality materials, good design and especially concrete look\"<\/span><\/p>\t\t\t\t\t<\/div>\n\t\t\t\t\t\t<\/div>\n\t\t\t\t<\/div>\n\t\t\t\t\t\t<\/div>\n\t\t\t\t\t<\/div>\n\t\t<\/div>\n\t\t\t\t\t\t\t\t<\/div>\n\t\t\t\t\t<\/div>\n\t\t<\/section>\n\t\t\t\t\t\t<\/div>\n\t\t\t\t\t\t<\/div>\n\t\t\t\t\t<\/div>","protected":false},"excerpt":{"rendered":"<p>O n\u00e1s Sme t\u00edm mlad\u00fdch \u013eud\u00ed, ktor\u00fdch v\u00e1\u0161\u0148ou je dobr\u00fd dizajn a remeseln\u00e1 pr\u00e1ca s kvalitn\u00fdmi materi\u00e1lmi. Chu\u0165 tvori\u0165 a realizova\u0165 inovat\u00edvne rie\u0161enia, ktor\u00e9 pon\u00faka bet\u00f3n, n\u00e1s viedla k zalo\u017eeniu vlastnej zna\u010dky. Dnes, ako akt\u00edvny \u010dlen skupiny DryCon Group s.r.o., pon\u00fakame na\u0161im z\u00e1kazn\u00edkom origin\u00e1lne interi\u00e9rov\u00e9 rie\u0161enia a spolo\u010dne prispievame k zv\u00fd\u0161eniu kvality ich b\u00fdvania.\u00a0 \u00a0 [&hellip;]<\/p>","protected":false},"author":1,"featured_media":0,"parent":0,"menu_order":0,"comment_status":"closed","ping_status":"closed","template":"","meta":[],"_links":{"self":[{"href":"https:\/\/concretetopsolutions.eu\/en\/wp-json\/wp\/v2\/pages\/262"}],"collection":[{"href":"https:\/\/concretetopsolutions.eu\/en\/wp-json\/wp\/v2\/pages"}],"about":[{"href":"https:\/\/concretetopsolutions.eu\/en\/wp-json\/wp\/v2\/types\/page"}],"author":[{"embeddable":true,"href":"https:\/\/concretetopsolutions.eu\/en\/wp-json\/wp\/v2\/users\/1"}],"replies":[{"embeddable":true,"href":"https:\/\/concretetopsolutions.eu\/en\/wp-json\/wp\/v2\/comments?post=262"}],"version-history":[{"count":6,"href":"https:\/\/concretetopsolutions.eu\/en\/wp-json\/wp\/v2\/pages\/262\/revisions"}],"predecessor-version":[{"id":5725,"href":"https:\/\/concretetopsolutions.eu\/en\/wp-json\/wp\/v2\/pages\/262\/revisions\/5725"}],"wp:attachment":[{"href":"https:\/\/concretetopsolutions.eu\/en\/wp-json\/wp\/v2\/media?parent=262"}],"curies":[{"name":"wp","href":"https:\/\/api.w.org\/{rel}","templated":true}]}}