{"id":478,"date":"2019-07-06T12:36:33","date_gmt":"2019-07-06T10:36:33","guid":{"rendered":"http:\/\/concretetopsolutions.eu\/?post_type=product&#038;p=478"},"modified":"2023-10-20T10:16:28","modified_gmt":"2023-10-20T08:16:28","slug":"pultove-umyvadlo-bowl-biely-granit","status":"publish","type":"product","link":"https:\/\/concretetopsolutions.eu\/en\/obchod\/betonove-umyvadla\/pultove-umyvadlo-bowl-biely-granit\/","title":{"rendered":"Pultov\u00e9 um\u00fdvadlo BOWL biely granit"},"content":{"rendered":"","protected":false},"excerpt":{"rendered":"<p>Dizajnov\u00e9 um\u00fdvadlo na pulty vyroben\u00e9 z bieleho granitu sa stane ozdobou ka\u017ed\u00e9ho interi\u00e9ru. Povrchovo je opracovan\u00e9 do vysok\u00e9ho lesku, \u010d\u00edm d\u00e1va vynikn\u00fa\u0165 \u0161trukt\u00fare kame\u0148a. Na dokonal\u00e9 zladenie vyu\u017eite bat\u00e9rie Waterfall z na\u0161ej ponuky. Dod\u00e1va sa ako interi\u00e9rov\u00fd solit\u00e9r bez bat\u00e9rie a sif\u00f3nu.<\/p>\n<p><strong>\u2022 size:<\/strong> 420 \u00d7 420 \u00d7 145 mm<br \/>\n<strong>\u2022 hr\u00fabka:<\/strong> 15,9 mm<br \/>\n<strong>\u2022 <\/strong><strong>otvor odpadu:<\/strong> 45 mm<br \/>\n<strong>\u2022 weight:<\/strong> 9,98 kg<\/p>\n<p>Pozn\u00e1mka: H\u013abka pultu\/skrinky na umiestnenie um\u00fdvadla by mala by\u0165 minim\u00e1lne 460 mm.<\/p>","protected":false},"featured_media":2992,"template":"","meta":[],"product_cat":[102],"product_tag":[106],"_links":{"self":[{"href":"https:\/\/concretetopsolutions.eu\/en\/wp-json\/wp\/v2\/product\/478"}],"collection":[{"href":"https:\/\/concretetopsolutions.eu\/en\/wp-json\/wp\/v2\/product"}],"about":[{"href":"https:\/\/concretetopsolutions.eu\/en\/wp-json\/wp\/v2\/types\/product"}],"version-history":[{"count":7,"href":"https:\/\/concretetopsolutions.eu\/en\/wp-json\/wp\/v2\/product\/478\/revisions"}],"predecessor-version":[{"id":4523,"href":"https:\/\/concretetopsolutions.eu\/en\/wp-json\/wp\/v2\/product\/478\/revisions\/4523"}],"wp:featuredmedia":[{"embeddable":true,"href":"https:\/\/concretetopsolutions.eu\/en\/wp-json\/wp\/v2\/media\/2992"}],"wp:attachment":[{"href":"https:\/\/concretetopsolutions.eu\/en\/wp-json\/wp\/v2\/media?parent=478"}],"wp:term":[{"taxonomy":"product_cat","embeddable":true,"href":"https:\/\/concretetopsolutions.eu\/en\/wp-json\/wp\/v2\/product_cat?post=478"},{"taxonomy":"product_tag","embeddable":true,"href":"https:\/\/concretetopsolutions.eu\/en\/wp-json\/wp\/v2\/product_tag?post=478"}],"curies":[{"name":"wp","href":"https:\/\/api.w.org\/{rel}","templated":true}]}}